{"id":1888,"date":"2024-03-04T15:37:46","date_gmt":"2024-03-04T15:37:46","guid":{"rendered":"https:\/\/fiam.artnewyork.us\/?page_id=1888"},"modified":"2024-04-24T19:06:29","modified_gmt":"2024-04-24T19:06:29","slug":"11-2","status":"publish","type":"page","link":"https:\/\/fiam.artnewyork.us\/en\/11-2\/","title":{"rendered":"Monica Fabiola Nolasco Aguilar"},"content":{"rendered":"<div data-elementor-type=\"wp-page\" data-elementor-id=\"1888\" class=\"elementor elementor-1888\" data-elementor-post-type=\"page\">\n\t\t\t\t\t\t<section class=\"elementor-section elementor-top-section elementor-element elementor-element-aefc67a elementor-section-boxed elementor-section-height-default elementor-section-height-default\" data-id=\"aefc67a\" data-element_type=\"section\">\n\t\t\t\t\t\t<div class=\"elementor-container elementor-column-gap-default\">\n\t\t\t\t\t<div class=\"elementor-column elementor-col-100 elementor-top-column elementor-element elementor-element-f53c044\" data-id=\"f53c044\" data-element_type=\"column\">\n\t\t\t<div class=\"elementor-widget-wrap elementor-element-populated\">\n\t\t\t\t\t\t<div class=\"elementor-element elementor-element-377bacd elementor-widget elementor-widget-text-editor\" data-id=\"377bacd\" data-element_type=\"widget\" data-widget_type=\"text-editor.default\">\n\t\t\t\t<div class=\"elementor-widget-container\">\n\t\t\t<style>\/*! elementor - v3.21.0 - 26-05-2024 *\/\n.elementor-widget-text-editor.elementor-drop-cap-view-stacked .elementor-drop-cap{background-color:#69727d;color:#fff}.elementor-widget-text-editor.elementor-drop-cap-view-framed .elementor-drop-cap{color:#69727d;border:3px solid;background-color:transparent}.elementor-widget-text-editor:not(.elementor-drop-cap-view-default) .elementor-drop-cap{margin-top:8px}.elementor-widget-text-editor:not(.elementor-drop-cap-view-default) .elementor-drop-cap-letter{width:1em;height:1em}.elementor-widget-text-editor .elementor-drop-cap{float:left;text-align:center;line-height:1;font-size:50px}.elementor-widget-text-editor .elementor-drop-cap-letter{display:inline-block}<\/style>\t\t\t\t<h2 style=\"text-align: center;\"><strong>M\u00f3nica Fabiola Nolasco Aguilar &#8211; Suecia<\/strong><\/h2>\t\t\t\t\t\t<\/div>\n\t\t\t\t<\/div>\n\t\t\t\t\t<\/div>\n\t\t<\/div>\n\t\t\t\t\t<\/div>\n\t\t<\/section>\n\t\t\t\t<section class=\"elementor-section elementor-top-section elementor-element elementor-element-d50b3ac elementor-section-boxed elementor-section-height-default elementor-section-height-default\" data-id=\"d50b3ac\" data-element_type=\"section\">\n\t\t\t\t\t\t<div class=\"elementor-container elementor-column-gap-default\">\n\t\t\t\t\t<div class=\"elementor-column elementor-col-50 elementor-top-column elementor-element elementor-element-b7632dc\" data-id=\"b7632dc\" data-element_type=\"column\">\n\t\t\t<div class=\"elementor-widget-wrap elementor-element-populated\">\n\t\t\t\t\t\t<div class=\"elementor-element elementor-element-96e435e elementor-widget elementor-widget-image\" data-id=\"96e435e\" data-element_type=\"widget\" data-widget_type=\"image.default\">\n\t\t\t\t<div class=\"elementor-widget-container\">\n\t\t\t<style>\/*! elementor - v3.21.0 - 26-05-2024 *\/\n.elementor-widget-image{text-align:center}.elementor-widget-image a{display:inline-block}.elementor-widget-image a img[src$=\".svg\"]{width:48px}.elementor-widget-image img{vertical-align:middle;display:inline-block}<\/style>\t\t\t\t\t\t\t\t\t\t<img fetchpriority=\"high\" decoding=\"async\" width=\"746\" height=\"1120\" src=\"https:\/\/fiam.artnewyork.us\/wp-content\/uploads\/2024\/03\/20230621_174342_366.jpg\" class=\"attachment-medium_large size-medium_large wp-image-2085\" alt=\"\" srcset=\"https:\/\/fiam.artnewyork.us\/wp-content\/uploads\/2024\/03\/20230621_174342_366.jpg 746w, https:\/\/fiam.artnewyork.us\/wp-content\/uploads\/2024\/03\/20230621_174342_366-200x300.jpg 200w, https:\/\/fiam.artnewyork.us\/wp-content\/uploads\/2024\/03\/20230621_174342_366-682x1024.jpg 682w, https:\/\/fiam.artnewyork.us\/wp-content\/uploads\/2024\/03\/20230621_174342_366-8x12.jpg 8w\" sizes=\"(max-width: 746px) 100vw, 746px\" \/>\t\t\t\t\t\t\t\t\t\t\t\t\t<\/div>\n\t\t\t\t<\/div>\n\t\t\t\t<div class=\"elementor-element elementor-element-0601964 elementor-widget elementor-widget-image\" data-id=\"0601964\" data-element_type=\"widget\" data-widget_type=\"image.default\">\n\t\t\t\t<div class=\"elementor-widget-container\">\n\t\t\t\t\t\t\t\t\t\t\t\t\t<img decoding=\"async\" width=\"579\" height=\"835\" src=\"https:\/\/fiam.artnewyork.us\/wp-content\/uploads\/2024\/03\/Monica-Nolasco-NFT.jpg\" class=\"attachment-large size-large wp-image-2083\" alt=\"\" srcset=\"https:\/\/fiam.artnewyork.us\/wp-content\/uploads\/2024\/03\/Monica-Nolasco-NFT.jpg 579w, https:\/\/fiam.artnewyork.us\/wp-content\/uploads\/2024\/03\/Monica-Nolasco-NFT-208x300.jpg 208w, https:\/\/fiam.artnewyork.us\/wp-content\/uploads\/2024\/03\/Monica-Nolasco-NFT-8x12.jpg 8w\" sizes=\"(max-width: 579px) 100vw, 579px\" \/>\t\t\t\t\t\t\t\t\t\t\t\t\t<\/div>\n\t\t\t\t<\/div>\n\t\t\t\t<div class=\"elementor-element elementor-element-0b89613 elementor-widget elementor-widget-text-editor\" data-id=\"0b89613\" data-element_type=\"widget\" data-widget_type=\"text-editor.default\">\n\t\t\t\t<div class=\"elementor-widget-container\">\n\t\t\t\t\t\t\t<h3 style=\"text-align: center;\"><a href=\"https:\/\/fiam.artnewyork.us\/en\/fiam-nft\/\"><span style=\"text-decoration: underline;\"><strong>NFT -A cap in Lidk\u00f6ping<\/strong><\/span><\/a><\/h3>\t\t\t\t\t\t<\/div>\n\t\t\t\t<\/div>\n\t\t\t\t<div class=\"elementor-element elementor-element-b161cc7 elementor-widget elementor-widget-heading\" data-id=\"b161cc7\" data-element_type=\"widget\" data-widget_type=\"heading.default\">\n\t\t\t\t<div class=\"elementor-widget-container\">\n\t\t\t<style>\/*! elementor - v3.21.0 - 26-05-2024 *\/\n.elementor-heading-title{padding:0;margin:0;line-height:1}.elementor-widget-heading .elementor-heading-title[class*=elementor-size-]>a{color:inherit;font-size:inherit;line-height:inherit}.elementor-widget-heading .elementor-heading-title.elementor-size-small{font-size:15px}.elementor-widget-heading .elementor-heading-title.elementor-size-medium{font-size:19px}.elementor-widget-heading .elementor-heading-title.elementor-size-large{font-size:29px}.elementor-widget-heading .elementor-heading-title.elementor-size-xl{font-size:39px}.elementor-widget-heading .elementor-heading-title.elementor-size-xxl{font-size:59px}<\/style><h2 class=\"elementor-heading-title elementor-size-default\">More about the artist<\/h2>\t\t<\/div>\n\t\t\t\t<\/div>\n\t\t\t\t<div class=\"elementor-element elementor-element-7c9483e elementor-widget elementor-widget-video\" data-id=\"7c9483e\" data-element_type=\"widget\" data-settings=\"{&quot;youtube_url&quot;:&quot;https:\\\/\\\/youtu.be\\\/NzcbUvhp0oI?si=41XuzNB3OkZUq83t&quot;,&quot;video_type&quot;:&quot;youtube&quot;,&quot;controls&quot;:&quot;yes&quot;}\" data-widget_type=\"video.default\">\n\t\t\t\t<div class=\"elementor-widget-container\">\n\t\t\t<style>\/*! elementor - v3.21.0 - 26-05-2024 *\/\n.elementor-widget-video .elementor-widget-container{overflow:hidden;transform:translateZ(0)}.elementor-widget-video .elementor-wrapper{aspect-ratio:var(--video-aspect-ratio)}.elementor-widget-video .elementor-wrapper iframe,.elementor-widget-video .elementor-wrapper video{height:100%;width:100%;display:flex;border:none;background-color:#000}@supports not (aspect-ratio:1\/1){.elementor-widget-video .elementor-wrapper{position:relative;overflow:hidden;height:0;padding-bottom:calc(100% \/ var(--video-aspect-ratio))}.elementor-widget-video .elementor-wrapper iframe,.elementor-widget-video .elementor-wrapper video{position:absolute;top:0;right:0;bottom:0;left:0}}.elementor-widget-video .elementor-open-inline .elementor-custom-embed-image-overlay{position:absolute;top:0;right:0;bottom:0;left:0;background-size:cover;background-position:50%}.elementor-widget-video .elementor-custom-embed-image-overlay{cursor:pointer;text-align:center}.elementor-widget-video .elementor-custom-embed-image-overlay:hover .elementor-custom-embed-play i{opacity:1}.elementor-widget-video .elementor-custom-embed-image-overlay img{display:block;width:100%;aspect-ratio:var(--video-aspect-ratio);-o-object-fit:cover;object-fit:cover;-o-object-position:center center;object-position:center center}@supports not (aspect-ratio:1\/1){.elementor-widget-video .elementor-custom-embed-image-overlay{position:relative;overflow:hidden;height:0;padding-bottom:calc(100% \/ var(--video-aspect-ratio))}.elementor-widget-video .elementor-custom-embed-image-overlay img{position:absolute;top:0;right:0;bottom:0;left:0}}.elementor-widget-video .e-hosted-video .elementor-video{-o-object-fit:cover;object-fit:cover}.e-con-inner>.elementor-widget-video,.e-con>.elementor-widget-video{width:var(--container-widget-width);--flex-grow:var(--container-widget-flex-grow)}<\/style>\t\t<div class=\"elementor-wrapper elementor-open-inline\">\n\t\t\t<div class=\"elementor-video\"><\/div>\t\t<\/div>\n\t\t\t\t<\/div>\n\t\t\t\t<\/div>\n\t\t\t\t<div class=\"elementor-element elementor-element-c38053c elementor-shape-rounded elementor-grid-0 e-grid-align-center elementor-widget elementor-widget-social-icons\" data-id=\"c38053c\" data-element_type=\"widget\" data-widget_type=\"social-icons.default\">\n\t\t\t\t<div class=\"elementor-widget-container\">\n\t\t\t<style>\/*! elementor - v3.21.0 - 26-05-2024 *\/\n.elementor-widget-social-icons.elementor-grid-0 .elementor-widget-container,.elementor-widget-social-icons.elementor-grid-mobile-0 .elementor-widget-container,.elementor-widget-social-icons.elementor-grid-tablet-0 .elementor-widget-container{line-height:1;font-size:0}.elementor-widget-social-icons:not(.elementor-grid-0):not(.elementor-grid-tablet-0):not(.elementor-grid-mobile-0) .elementor-grid{display:inline-grid}.elementor-widget-social-icons .elementor-grid{grid-column-gap:var(--grid-column-gap,5px);grid-row-gap:var(--grid-row-gap,5px);grid-template-columns:var(--grid-template-columns);justify-content:var(--justify-content,center);justify-items:var(--justify-content,center)}.elementor-icon.elementor-social-icon{font-size:var(--icon-size,25px);line-height:var(--icon-size,25px);width:calc(var(--icon-size, 25px) + 2 * var(--icon-padding, .5em));height:calc(var(--icon-size, 25px) + 2 * var(--icon-padding, .5em))}.elementor-social-icon{--e-social-icon-icon-color:#fff;display:inline-flex;background-color:#69727d;align-items:center;justify-content:center;text-align:center;cursor:pointer}.elementor-social-icon i{color:var(--e-social-icon-icon-color)}.elementor-social-icon svg{fill:var(--e-social-icon-icon-color)}.elementor-social-icon:last-child{margin:0}.elementor-social-icon:hover{opacity:.9;color:#fff}.elementor-social-icon-android{background-color:#a4c639}.elementor-social-icon-apple{background-color:#999}.elementor-social-icon-behance{background-color:#1769ff}.elementor-social-icon-bitbucket{background-color:#205081}.elementor-social-icon-codepen{background-color:#000}.elementor-social-icon-delicious{background-color:#39f}.elementor-social-icon-deviantart{background-color:#05cc47}.elementor-social-icon-digg{background-color:#005be2}.elementor-social-icon-dribbble{background-color:#ea4c89}.elementor-social-icon-elementor{background-color:#d30c5c}.elementor-social-icon-envelope{background-color:#ea4335}.elementor-social-icon-facebook,.elementor-social-icon-facebook-f{background-color:#3b5998}.elementor-social-icon-flickr{background-color:#0063dc}.elementor-social-icon-foursquare{background-color:#2d5be3}.elementor-social-icon-free-code-camp,.elementor-social-icon-freecodecamp{background-color:#006400}.elementor-social-icon-github{background-color:#333}.elementor-social-icon-gitlab{background-color:#e24329}.elementor-social-icon-globe{background-color:#69727d}.elementor-social-icon-google-plus,.elementor-social-icon-google-plus-g{background-color:#dd4b39}.elementor-social-icon-houzz{background-color:#7ac142}.elementor-social-icon-instagram{background-color:#262626}.elementor-social-icon-jsfiddle{background-color:#487aa2}.elementor-social-icon-link{background-color:#818a91}.elementor-social-icon-linkedin,.elementor-social-icon-linkedin-in{background-color:#0077b5}.elementor-social-icon-medium{background-color:#00ab6b}.elementor-social-icon-meetup{background-color:#ec1c40}.elementor-social-icon-mixcloud{background-color:#273a4b}.elementor-social-icon-odnoklassniki{background-color:#f4731c}.elementor-social-icon-pinterest{background-color:#bd081c}.elementor-social-icon-product-hunt{background-color:#da552f}.elementor-social-icon-reddit{background-color:#ff4500}.elementor-social-icon-rss{background-color:#f26522}.elementor-social-icon-shopping-cart{background-color:#4caf50}.elementor-social-icon-skype{background-color:#00aff0}.elementor-social-icon-slideshare{background-color:#0077b5}.elementor-social-icon-snapchat{background-color:#fffc00}.elementor-social-icon-soundcloud{background-color:#f80}.elementor-social-icon-spotify{background-color:#2ebd59}.elementor-social-icon-stack-overflow{background-color:#fe7a15}.elementor-social-icon-steam{background-color:#00adee}.elementor-social-icon-stumbleupon{background-color:#eb4924}.elementor-social-icon-telegram{background-color:#2ca5e0}.elementor-social-icon-threads{background-color:#000}.elementor-social-icon-thumb-tack{background-color:#1aa1d8}.elementor-social-icon-tripadvisor{background-color:#589442}.elementor-social-icon-tumblr{background-color:#35465c}.elementor-social-icon-twitch{background-color:#6441a5}.elementor-social-icon-twitter{background-color:#1da1f2}.elementor-social-icon-viber{background-color:#665cac}.elementor-social-icon-vimeo{background-color:#1ab7ea}.elementor-social-icon-vk{background-color:#45668e}.elementor-social-icon-weibo{background-color:#dd2430}.elementor-social-icon-weixin{background-color:#31a918}.elementor-social-icon-whatsapp{background-color:#25d366}.elementor-social-icon-wordpress{background-color:#21759b}.elementor-social-icon-x-twitter{background-color:#000}.elementor-social-icon-xing{background-color:#026466}.elementor-social-icon-yelp{background-color:#af0606}.elementor-social-icon-youtube{background-color:#cd201f}.elementor-social-icon-500px{background-color:#0099e5}.elementor-shape-rounded .elementor-icon.elementor-social-icon{border-radius:10%}.elementor-shape-circle .elementor-icon.elementor-social-icon{border-radius:50%}<\/style>\t\t<div class=\"elementor-social-icons-wrapper elementor-grid\">\n\t\t\t\t\t\t\t<span class=\"elementor-grid-item\">\n\t\t\t\t\t<a class=\"elementor-icon elementor-social-icon elementor-social-icon-facebook elementor-repeater-item-a264220\" href=\"https:\/\/www.facebook.com\/monica.nolasco.790\" target=\"_blank\">\n\t\t\t\t\t\t<span class=\"elementor-screen-only\">Facebook<\/span>\n\t\t\t\t\t\t<i class=\"fab fa-facebook\"><\/i>\t\t\t\t\t<\/a>\n\t\t\t\t<\/span>\n\t\t\t\t\t\t\t<span class=\"elementor-grid-item\">\n\t\t\t\t\t<a class=\"elementor-icon elementor-social-icon elementor-social-icon-instagram elementor-repeater-item-f248158\" href=\"https:\/\/instagram.com\/alejandrorafaelduranaguilar?igshid=ZGUzMzM3NWJiOQ==\" target=\"_blank\">\n\t\t\t\t\t\t<span class=\"elementor-screen-only\">Instagram<\/span>\n\t\t\t\t\t\t<i class=\"fab fa-instagram\"><\/i>\t\t\t\t\t<\/a>\n\t\t\t\t<\/span>\n\t\t\t\t\t<\/div>\n\t\t\t\t<\/div>\n\t\t\t\t<\/div>\n\t\t\t\t<div class=\"elementor-element elementor-element-401279d elementor-align-center elementor-widget elementor-widget-button\" data-id=\"401279d\" data-element_type=\"widget\" data-widget_type=\"button.default\">\n\t\t\t\t<div class=\"elementor-widget-container\">\n\t\t\t\t\t<div class=\"elementor-button-wrapper\">\n\t\t\t<a class=\"elementor-button elementor-button-link elementor-size-sm\" href=\"https:\/\/forms.gle\/YUDfnYkZ4iYqSLeGA\">\n\t\t\t\t\t\t<span class=\"elementor-button-content-wrapper\">\n\t\t\t\t\t\t\t\t\t<span class=\"elementor-button-text\">Contact the artist<\/span>\n\t\t\t\t\t<\/span>\n\t\t\t\t\t<\/a>\n\t\t<\/div>\n\t\t\t\t<\/div>\n\t\t\t\t<\/div>\n\t\t\t\t\t<\/div>\n\t\t<\/div>\n\t\t\t\t<div class=\"elementor-column elementor-col-50 elementor-top-column elementor-element elementor-element-8a2a854\" data-id=\"8a2a854\" data-element_type=\"column\">\n\t\t\t<div class=\"elementor-widget-wrap elementor-element-populated\">\n\t\t\t\t\t\t<div class=\"elementor-element elementor-element-5edc752 elementor-widget elementor-widget-heading\" data-id=\"5edc752\" data-element_type=\"widget\" data-widget_type=\"heading.default\">\n\t\t\t\t<div class=\"elementor-widget-container\">\n\t\t\t<h2 class=\"elementor-heading-title elementor-size-default\">Monica Fabiola Nolasco Aguilar<\/h2>\t\t<\/div>\n\t\t\t\t<\/div>\n\t\t\t\t\t<\/div>\n\t\t<\/div>\n\t\t\t\t\t<\/div>\n\t\t<\/section>\n\t\t\t\t<section class=\"elementor-section elementor-top-section elementor-element elementor-element-234963e elementor-section-boxed elementor-section-height-default elementor-section-height-default\" data-id=\"234963e\" data-element_type=\"section\">\n\t\t\t\t\t\t<div class=\"elementor-container elementor-column-gap-default\">\n\t\t\t\t\t<div class=\"elementor-column elementor-col-100 elementor-top-column elementor-element elementor-element-a882291\" data-id=\"a882291\" data-element_type=\"column\">\n\t\t\t<div class=\"elementor-widget-wrap elementor-element-populated\">\n\t\t\t\t\t\t<div class=\"elementor-element elementor-element-dd3d24a elementor-widget elementor-widget-heading\" data-id=\"dd3d24a\" data-element_type=\"widget\" data-widget_type=\"heading.default\">\n\t\t\t\t<div class=\"elementor-widget-container\">\n\t\t\t<h2 class=\"elementor-heading-title elementor-size-default\">La Obra<\/h2>\t\t<\/div>\n\t\t\t\t<\/div>\n\t\t\t\t<div class=\"elementor-element elementor-element-38e3909 elementor-widget elementor-widget-image\" data-id=\"38e3909\" data-element_type=\"widget\" data-widget_type=\"image.default\">\n\t\t\t\t<div class=\"elementor-widget-container\">\n\t\t\t\t\t\t\t\t\t\t\t\t\t<img decoding=\"async\" width=\"726\" height=\"1024\" src=\"https:\/\/fiam.artnewyork.us\/wp-content\/uploads\/2024\/04\/IMG-20240409-WA0014-726x1024.jpg\" class=\"attachment-large size-large wp-image-2999\" alt=\"\" srcset=\"https:\/\/fiam.artnewyork.us\/wp-content\/uploads\/2024\/04\/IMG-20240409-WA0014-726x1024.jpg 726w, https:\/\/fiam.artnewyork.us\/wp-content\/uploads\/2024\/04\/IMG-20240409-WA0014-213x300.jpg 213w, https:\/\/fiam.artnewyork.us\/wp-content\/uploads\/2024\/04\/IMG-20240409-WA0014-768x1083.jpg 768w, https:\/\/fiam.artnewyork.us\/wp-content\/uploads\/2024\/04\/IMG-20240409-WA0014-9x12.jpg 9w, https:\/\/fiam.artnewyork.us\/wp-content\/uploads\/2024\/04\/IMG-20240409-WA0014.jpg 840w\" sizes=\"(max-width: 726px) 100vw, 726px\" \/>\t\t\t\t\t\t\t\t\t\t\t\t\t<\/div>\n\t\t\t\t<\/div>\n\t\t\t\t<div class=\"elementor-element elementor-element-6b110d1 elementor-widget elementor-widget-text-editor\" data-id=\"6b110d1\" data-element_type=\"widget\" data-widget_type=\"text-editor.default\">\n\t\t\t\t<div class=\"elementor-widget-container\">\n\t\t\t\t\t\t\t<h5 style=\"text-align: center;\"><strong>Ficha Tecnica.<\/strong><\/h5>\t\t\t\t\t\t<\/div>\n\t\t\t\t<\/div>\n\t\t\t\t<div class=\"elementor-element elementor-element-27ac20e elementor-widget elementor-widget-image\" data-id=\"27ac20e\" data-element_type=\"widget\" data-widget_type=\"image.default\">\n\t\t\t\t<div class=\"elementor-widget-container\">\n\t\t\t\t\t\t\t\t\t\t\t\t\t<img loading=\"lazy\" decoding=\"async\" width=\"1024\" height=\"742\" src=\"https:\/\/fiam.artnewyork.us\/wp-content\/uploads\/2024\/04\/IMG-20240409-WA0021-1024x742.jpg\" class=\"attachment-large size-large wp-image-2996\" alt=\"\" srcset=\"https:\/\/fiam.artnewyork.us\/wp-content\/uploads\/2024\/04\/IMG-20240409-WA0021-1024x742.jpg 1024w, https:\/\/fiam.artnewyork.us\/wp-content\/uploads\/2024\/04\/IMG-20240409-WA0021-300x217.jpg 300w, https:\/\/fiam.artnewyork.us\/wp-content\/uploads\/2024\/04\/IMG-20240409-WA0021-768x556.jpg 768w, https:\/\/fiam.artnewyork.us\/wp-content\/uploads\/2024\/04\/IMG-20240409-WA0021-1536x1113.jpg 1536w, https:\/\/fiam.artnewyork.us\/wp-content\/uploads\/2024\/04\/IMG-20240409-WA0021-18x12.jpg 18w, https:\/\/fiam.artnewyork.us\/wp-content\/uploads\/2024\/04\/IMG-20240409-WA0021.jpg 1600w\" sizes=\"(max-width: 1024px) 100vw, 1024px\" \/>\t\t\t\t\t\t\t\t\t\t\t\t\t<\/div>\n\t\t\t\t<\/div>\n\t\t\t\t<div class=\"elementor-element elementor-element-7956786 elementor-widget elementor-widget-text-editor\" data-id=\"7956786\" data-element_type=\"widget\" data-widget_type=\"text-editor.default\">\n\t\t\t\t<div class=\"elementor-widget-container\">\n\t\t\t\t\t\t\t<h5 style=\"text-align: center;\"><strong>Ficha Tecnica.<\/strong><\/h5>\t\t\t\t\t\t<\/div>\n\t\t\t\t<\/div>\n\t\t\t\t<div class=\"elementor-element elementor-element-8a3e67a elementor-widget elementor-widget-image\" data-id=\"8a3e67a\" data-element_type=\"widget\" data-widget_type=\"image.default\">\n\t\t\t\t<div class=\"elementor-widget-container\">\n\t\t\t\t\t\t\t\t\t\t\t\t\t<img loading=\"lazy\" decoding=\"async\" width=\"731\" height=\"1024\" src=\"https:\/\/fiam.artnewyork.us\/wp-content\/uploads\/2024\/04\/IMG-20240409-WA0012-731x1024.jpg\" class=\"attachment-large size-large wp-image-2997\" alt=\"\" srcset=\"https:\/\/fiam.artnewyork.us\/wp-content\/uploads\/2024\/04\/IMG-20240409-WA0012-731x1024.jpg 731w, https:\/\/fiam.artnewyork.us\/wp-content\/uploads\/2024\/04\/IMG-20240409-WA0012-214x300.jpg 214w, https:\/\/fiam.artnewyork.us\/wp-content\/uploads\/2024\/04\/IMG-20240409-WA0012-768x1075.jpg 768w, https:\/\/fiam.artnewyork.us\/wp-content\/uploads\/2024\/04\/IMG-20240409-WA0012-9x12.jpg 9w, https:\/\/fiam.artnewyork.us\/wp-content\/uploads\/2024\/04\/IMG-20240409-WA0012.jpg 840w\" sizes=\"(max-width: 731px) 100vw, 731px\" \/>\t\t\t\t\t\t\t\t\t\t\t\t\t<\/div>\n\t\t\t\t<\/div>\n\t\t\t\t<div class=\"elementor-element elementor-element-ffc4dc1 elementor-widget elementor-widget-text-editor\" data-id=\"ffc4dc1\" data-element_type=\"widget\" data-widget_type=\"text-editor.default\">\n\t\t\t\t<div class=\"elementor-widget-container\">\n\t\t\t\t\t\t\t<h5 style=\"text-align: center;\"><strong>Ficha Tecnica.<\/strong><\/h5>\t\t\t\t\t\t<\/div>\n\t\t\t\t<\/div>\n\t\t\t\t<div class=\"elementor-element elementor-element-435f6c6 elementor-widget elementor-widget-image\" data-id=\"435f6c6\" data-element_type=\"widget\" data-widget_type=\"image.default\">\n\t\t\t\t<div class=\"elementor-widget-container\">\n\t\t\t\t\t\t\t\t\t\t\t\t\t<img loading=\"lazy\" decoding=\"async\" width=\"669\" height=\"1024\" src=\"https:\/\/fiam.artnewyork.us\/wp-content\/uploads\/2024\/04\/IMG-20240409-WA0013-669x1024.jpg\" class=\"attachment-large size-large wp-image-2998\" alt=\"\" srcset=\"https:\/\/fiam.artnewyork.us\/wp-content\/uploads\/2024\/04\/IMG-20240409-WA0013-669x1024.jpg 669w, https:\/\/fiam.artnewyork.us\/wp-content\/uploads\/2024\/04\/IMG-20240409-WA0013-196x300.jpg 196w, https:\/\/fiam.artnewyork.us\/wp-content\/uploads\/2024\/04\/IMG-20240409-WA0013-768x1175.jpg 768w, https:\/\/fiam.artnewyork.us\/wp-content\/uploads\/2024\/04\/IMG-20240409-WA0013-8x12.jpg 8w, https:\/\/fiam.artnewyork.us\/wp-content\/uploads\/2024\/04\/IMG-20240409-WA0013.jpg 840w\" sizes=\"(max-width: 669px) 100vw, 669px\" \/>\t\t\t\t\t\t\t\t\t\t\t\t\t<\/div>\n\t\t\t\t<\/div>\n\t\t\t\t<div class=\"elementor-element elementor-element-e1d25eb elementor-widget elementor-widget-text-editor\" data-id=\"e1d25eb\" data-element_type=\"widget\" data-widget_type=\"text-editor.default\">\n\t\t\t\t<div class=\"elementor-widget-container\">\n\t\t\t\t\t\t\t<h5 style=\"text-align: center;\"><strong>Ficha Tecnica.<\/strong><\/h5>\t\t\t\t\t\t<\/div>\n\t\t\t\t<\/div>\n\t\t\t\t<div class=\"elementor-element elementor-element-78509fb elementor-widget elementor-widget-image\" data-id=\"78509fb\" data-element_type=\"widget\" data-widget_type=\"image.default\">\n\t\t\t\t<div class=\"elementor-widget-container\">\n\t\t\t\t\t\t\t\t\t\t\t\t\t<img loading=\"lazy\" decoding=\"async\" width=\"672\" height=\"1024\" src=\"https:\/\/fiam.artnewyork.us\/wp-content\/uploads\/2024\/04\/IMG-20240409-WA0017-672x1024.jpg\" class=\"attachment-large size-large wp-image-3000\" alt=\"\" srcset=\"https:\/\/fiam.artnewyork.us\/wp-content\/uploads\/2024\/04\/IMG-20240409-WA0017-672x1024.jpg 672w, https:\/\/fiam.artnewyork.us\/wp-content\/uploads\/2024\/04\/IMG-20240409-WA0017-197x300.jpg 197w, https:\/\/fiam.artnewyork.us\/wp-content\/uploads\/2024\/04\/IMG-20240409-WA0017-768x1170.jpg 768w, https:\/\/fiam.artnewyork.us\/wp-content\/uploads\/2024\/04\/IMG-20240409-WA0017-8x12.jpg 8w, https:\/\/fiam.artnewyork.us\/wp-content\/uploads\/2024\/04\/IMG-20240409-WA0017.jpg 788w\" sizes=\"(max-width: 672px) 100vw, 672px\" \/>\t\t\t\t\t\t\t\t\t\t\t\t\t<\/div>\n\t\t\t\t<\/div>\n\t\t\t\t<div class=\"elementor-element elementor-element-c22d66b elementor-widget elementor-widget-text-editor\" data-id=\"c22d66b\" data-element_type=\"widget\" data-widget_type=\"text-editor.default\">\n\t\t\t\t<div class=\"elementor-widget-container\">\n\t\t\t\t\t\t\t<h5 style=\"text-align: center;\"><strong>Ficha Tecnica.<\/strong><\/h5>\t\t\t\t\t\t<\/div>\n\t\t\t\t<\/div>\n\t\t\t\t\t<\/div>\n\t\t<\/div>\n\t\t\t\t\t<\/div>\n\t\t<\/section>\n\t\t\t\t<\/div>","protected":false},"excerpt":{"rendered":"<p>M\u00f3nica Fabiola Nolasco Aguilar &#8211; Suecia NFT -Una tapa en Lidk\u00f6ping M\u00e1s sobre el artista Facebook Instagram Contacta al artista M\u00f3nica Fabiola Nolasco Aguilar La Obra Ficha Tecnica. Ficha Tecnica. Ficha Tecnica. Ficha Tecnica. Ficha Tecnica.<\/p>","protected":false},"author":1,"featured_media":0,"parent":0,"menu_order":0,"comment_status":"closed","ping_status":"closed","template":"","meta":{"site-sidebar-layout":"no-sidebar","site-content-layout":"page-builder","ast-global-header-display":"","ast-banner-title-visibility":"","ast-main-header-display":"","ast-hfb-above-header-display":"","ast-hfb-below-header-display":"","ast-hfb-mobile-header-display":"","site-post-title":"disabled","ast-breadcrumbs-content":"","ast-featured-img":"disabled","footer-sml-layout":"","theme-transparent-header-meta":"","adv-header-id-meta":"","stick-header-meta":"","header-above-stick-meta":"","header-main-stick-meta":"","header-below-stick-meta":"","footnotes":""},"class_list":["post-1888","page","type-page","status-publish","hentry"],"_links":{"self":[{"href":"https:\/\/fiam.artnewyork.us\/en\/wp-json\/wp\/v2\/pages\/1888","targetHints":{"allow":["GET"]}}],"collection":[{"href":"https:\/\/fiam.artnewyork.us\/en\/wp-json\/wp\/v2\/pages"}],"about":[{"href":"https:\/\/fiam.artnewyork.us\/en\/wp-json\/wp\/v2\/types\/page"}],"author":[{"embeddable":true,"href":"https:\/\/fiam.artnewyork.us\/en\/wp-json\/wp\/v2\/users\/1"}],"replies":[{"embeddable":true,"href":"https:\/\/fiam.artnewyork.us\/en\/wp-json\/wp\/v2\/comments?post=1888"}],"version-history":[{"count":10,"href":"https:\/\/fiam.artnewyork.us\/en\/wp-json\/wp\/v2\/pages\/1888\/revisions"}],"predecessor-version":[{"id":3184,"href":"https:\/\/fiam.artnewyork.us\/en\/wp-json\/wp\/v2\/pages\/1888\/revisions\/3184"}],"wp:attachment":[{"href":"https:\/\/fiam.artnewyork.us\/en\/wp-json\/wp\/v2\/media?parent=1888"}],"curies":[{"name":"wp","href":"https:\/\/api.w.org\/{rel}","templated":true}]}}